{"id":31,"date":"2014-12-18T11:59:30","date_gmt":"2014-12-18T11:59:30","guid":{"rendered":"http:\/\/igmdt.de\/?page_id=31"},"modified":"2024-11-25T11:09:37","modified_gmt":"2024-11-25T11:09:37","slug":"dornmethode","status":"publish","type":"page","link":"https:\/\/igmdt.de\/?page_id=31","title":{"rendered":"Dornmethode"},"content":{"rendered":"<h1><span style=\"color: #808080;\">DIE DORN-METHODE<\/span><\/h1>\n<p>Die Dorn-Methode\/Dorn-Therapie ist eine sanfte Mobilisation von Wirbeln und Gelenken in der physiologischen Funktionseinheit, um mit sanften Tonus regulierenden manuellen Techniken eine Dysfunktion zu therapieren.<br \/>\nVerschiedene Grifftechniken sind im Rahmen der traditionellen europ\u00e4ischen Medizin von Generation zu Generation weitergegeben worden. Dieter Dorn wurde damit bei eigenen akuten Beschwerden im R\u00fccken Anfang der Siebziger Jahre geholfen. Mitte der Neunziger ist dies unter dem Namen Dorn-Methode bekannt geworden. Die Dorn-Methode ist frei von Esoterik oder Glauben.<br \/>\nDie Dorn-Methode hat spezifische Standards. Diese Standards sind: sanft, manuell, pr\u00e4zise, aktiv-assistive Mitarbeit des Patienten, ohne Medikamente, alle Wirbel und Gelenke sind befundbar und behandelbar, ganzheitlich und alle Patienten erhalten Eigen\u00fcbungen.<\/p>\n<p>Die Dorn-Methode kann von jedem medizinischen\/tiermedizinischen Heil- und Fachberufler im Rahmen seines Berufsgesetzes und seinem Wissen von Anatomie, Physiologie und Neurologie angewendet werden. Laien k\u00f6nnen die Eigen\u00fcbungen im Sinne der Prophylaxe an sich ausf\u00fchren.\u00a0 Dieter Dorn hat die Wichtigkeit der Eigen\u00fcbungen innerhalb der Dorn-Methode und den gesundheitspflegenden Charakter betont.<br \/>\nDas Anwendungsgebiet der Dorn-Methode\/-Therapie sind prim\u00e4r Beschwerden des Bewegungsapparates oder neuromuskuloskelettalen Systems. Weiterhin k\u00f6nnen die jeweiligen Heil- und Fachberufler Zusammenh\u00e4nge zu inneren Organen, Meridianen und deren Funktionskreise und psychosoziale Faktoren mit einbeziehen.<\/p>\n","protected":false},"excerpt":{"rendered":"<p>DIE DORN-METHODE Die Dorn-Methode\/Dorn-Therapie ist eine sanfte Mobilisation von Wirbeln und Gelenken in der physiologischen Funktionseinheit, um mit sanften Tonus regulierenden manuellen Techniken eine Dysfunktion zu therapieren. Verschiedene Grifftechniken sind im Rahmen der traditionellen europ\u00e4ischen Medizin von Generation zu Generation weitergegeben worden. Dieter Dorn wurde damit bei eigenen akuten Beschwerden &hellip;<\/p>\n","protected":false},"author":5,"featured_media":142,"parent":0,"menu_order":1,"comment_status":"closed","ping_status":"closed","template":"","meta":{"_cbd_carousel_blocks":"[]","footnotes":""},"class_list":["post-31","page","type-page","status-publish","has-post-thumbnail","hentry"],"aioseo_notices":[],"_links":{"self":[{"href":"https:\/\/igmdt.de\/index.php?rest_route=\/wp\/v2\/pages\/31","targetHints":{"allow":["GET"]}}],"collection":[{"href":"https:\/\/igmdt.de\/index.php?rest_route=\/wp\/v2\/pages"}],"about":[{"href":"https:\/\/igmdt.de\/index.php?rest_route=\/wp\/v2\/types\/page"}],"author":[{"embeddable":true,"href":"https:\/\/igmdt.de\/index.php?rest_route=\/wp\/v2\/users\/5"}],"replies":[{"embeddable":true,"href":"https:\/\/igmdt.de\/index.php?rest_route=%2Fwp%2Fv2%2Fcomments&post=31"}],"version-history":[{"count":5,"href":"https:\/\/igmdt.de\/index.php?rest_route=\/wp\/v2\/pages\/31\/revisions"}],"predecessor-version":[{"id":464,"href":"https:\/\/igmdt.de\/index.php?rest_route=\/wp\/v2\/pages\/31\/revisions\/464"}],"wp:featuredmedia":[{"embeddable":true,"href":"https:\/\/igmdt.de\/index.php?rest_route=\/wp\/v2\/media\/142"}],"wp:attachment":[{"href":"https:\/\/igmdt.de\/index.php?rest_route=%2Fwp%2Fv2%2Fmedia&parent=31"}],"curies":[{"name":"wp","href":"https:\/\/api.w.org\/{rel}","templated":true}]}}