{"id":285,"date":"2021-02-18T09:20:07","date_gmt":"2021-02-18T09:20:07","guid":{"rendered":"https:\/\/igmdt.de\/?page_id=285"},"modified":"2026-02-14T20:59:51","modified_gmt":"2026-02-14T18:59:51","slug":"startseite","status":"publish","type":"page","link":"https:\/\/igmdt.de\/","title":{"rendered":"Startseite"},"content":{"rendered":"\n<div class=\"wp-block-columns is-layout-flex wp-container-core-columns-is-layout-9d6595d7 wp-block-columns-is-layout-flex\">\n<div class=\"wp-block-column is-layout-flow wp-block-column-is-layout-flow\" style=\"flex-basis:100%\">\n<div class=\"wp-block-jetpack-slideshow aligncenter\" data-effect=\"slide\"><div class=\"wp-block-jetpack-slideshow_container swiper-container\"><ul class=\"wp-block-jetpack-slideshow_swiper-wrapper swiper-wrapper\"><li class=\"wp-block-jetpack-slideshow_slide swiper-slide\"><figure><img loading=\"lazy\" decoding=\"async\" width=\"1024\" height=\"293\" alt=\"\" class=\"wp-block-jetpack-slideshow_image wp-image-139\" data-id=\"139\" src=\"https:\/\/igmdt.de\/wp-content\/uploads\/2016\/06\/igmdtin2-1024x293.jpg\" srcset=\"https:\/\/igmdt.de\/wp-content\/uploads\/2016\/06\/igmdtin2-1024x293.jpg 1024w, https:\/\/igmdt.de\/wp-content\/uploads\/2016\/06\/igmdtin2-300x86.jpg 300w, https:\/\/igmdt.de\/wp-content\/uploads\/2016\/06\/igmdtin2-768x219.jpg 768w, https:\/\/igmdt.de\/wp-content\/uploads\/2016\/06\/igmdtin2-250x71.jpg 250w, https:\/\/igmdt.de\/wp-content\/uploads\/2016\/06\/igmdtin2-150x43.jpg 150w, https:\/\/igmdt.de\/wp-content\/uploads\/2016\/06\/igmdtin2.jpg 1050w\" sizes=\"auto, (max-width: 1024px) 100vw, 1024px\" \/><\/figure><\/li><li class=\"wp-block-jetpack-slideshow_slide swiper-slide\"><figure><img loading=\"lazy\" decoding=\"async\" width=\"1024\" height=\"293\" alt=\"\" class=\"wp-block-jetpack-slideshow_image wp-image-100\" data-id=\"100\" src=\"https:\/\/igmdt.de\/wp-content\/uploads\/2015\/11\/igmdtin-1024x293.jpg\" srcset=\"https:\/\/igmdt.de\/wp-content\/uploads\/2015\/11\/igmdtin-1024x293.jpg 1024w, https:\/\/igmdt.de\/wp-content\/uploads\/2015\/11\/igmdtin-300x86.jpg 300w, https:\/\/igmdt.de\/wp-content\/uploads\/2015\/11\/igmdtin-250x71.jpg 250w, https:\/\/igmdt.de\/wp-content\/uploads\/2015\/11\/igmdtin-150x43.jpg 150w, https:\/\/igmdt.de\/wp-content\/uploads\/2015\/11\/igmdtin.jpg 1050w\" sizes=\"auto, (max-width: 1024px) 100vw, 1024px\" \/><\/figure><\/li><\/ul><a class=\"wp-block-jetpack-slideshow_button-prev swiper-button-prev swiper-button-white\" role=\"button\"><\/a><a class=\"wp-block-jetpack-slideshow_button-next swiper-button-next swiper-button-white\" role=\"button\"><\/a><a aria-label=\"Pause Slideshow\" class=\"wp-block-jetpack-slideshow_button-pause\" role=\"button\"><\/a><div class=\"wp-block-jetpack-slideshow_pagination swiper-pagination swiper-pagination-white\"><\/div><\/div><\/div>\n<\/div>\n<\/div>\n\n\n<div id=\"column1\" class=\"ppcolumn column1\">\n<h3 class=\"column-text\">Die \u201eInternationale Gesellschaft f\u00fcr medizinische Dorn-Therapie e.V.\u201c ist eine Gruppe von medizinischen Heil- und Fachberuflern (\u00c4rzte, Heilpraktiker, Physiotherapeuten, Ergotherapeuten, med. Masseure, es fehlen noch: Hebammen, Logop\u00e4den), die viele Jahre die Dorn-Therapie in ihren Praxen angewendet haben und als Referenten f\u00fcr die Dorn-Therapie t\u00e4tig waren und sind. Einige haben Fachb\u00fccher und \u2013artikel \u00fcber die Dorn-Therapie und medizinische Teilbereiche geschrieben. Regelm\u00e4\u00dfige Vortr\u00e4ge und Workshops tragen zur Weiterverbreitung bei, um die Gesundheitsvorsorge in der Bev\u00f6lkerung zu steigern. Seit dem Jahr 2010 hat sich diese interdisziplin\u00e4re Gruppe im Rahmen der Zusammenarbeit f\u00fcr die Homepage www.dorn-methode-therapie.de gefunden. Eine Intensivierung des Wissensaustausches der verschiedenen Fachbereiche f\u00fchrt zu einer Verbesserung der Qualit\u00e4t der Dorn-Therapie\/-Methode. Die Erforschung der Dorn-Therapie\/-Methode in verschiedenen Aspekten ist ein wichtiges Ziel.<\/h3>\n<\/div>\n<div id=\"column2\" class=\"ppcolumn column2\">\n<h3 class=\"column-text\">Die \u201eInternationale Gesellschaft f\u00fcr medizinische Dorn-Therapie e.V.\u201c konzentriert sich auf die fundierte Weiterverbreitung der Dorn-Methode in Fachkreisen und der Bev\u00f6lkerung. Die Standards und Grundprinzipien der Dorn-Methode sind definiert, die Inhalte von Dorn-Seminaren und ein Curriculum erarbeitet. Dorn-Seminare mit diesen Standards werden organisiert und ver\u00f6ffentlicht. Der Ablauf einer Dorn-Behandlung ist definiert und wird f\u00fcr die Qualit\u00e4t bei der Ausf\u00fchrung in medizinischen Praxen ver\u00f6ffentlicht. Therapeuten, die die Standards der Dorn-Methode anwenden und den Ablauf in ihren Dorn-Behandlungen umsetzen, werden zertifiziert und ver\u00f6ffentlicht. Die \u201eInternationale Gesellschaft f\u00fcr medizinische Dorn-Therapie e.V.\u201c koordiniert das Erstellen von Vortr\u00e4gen, Artikeln, Homepages, B\u00fcchern und Studien\/Forschungsarbeiten \u00fcber die Dorn-Methode\/-Therapie. Alle, die die Arbeit und Ziele des \u201eInternationale Gesellschaft f\u00fcr medizinische Dorn-Therapie e.V.\u201c unterst\u00fctzen oder aktiv mitarbeiten wollen, sind herzlich als Mitglieder eingeladen.<\/h3>\n<\/div><div class=\"shariff shariff-align-center shariff-widget-align-flex-start\"><ul class=\"shariff-buttons theme-default orientation-horizontal buttonsize-medium\"><li class=\"shariff-button twitter shariff-nocustomcolor\" style=\"background-color:#1e3050\"><a href=\"https:\/\/twitter.com\/share?url=https%3A%2F%2Figmdt.de%2F&text=Startseite\" title=\"Bei X (Twitter) teilen\" aria-label=\"Bei X (Twitter) teilen\" role=\"button\" rel=\"noreferrernoopener nofollow\" class=\"shariff-link\" style=\"; background-color:#000000; color:#fff\" target=\"_blank\"><span class=\"shariff-icon\" style=\"\"><svg xmlns=\"http:\/\/www.w3.org\/2000\/svg\" height=\"1em\" viewBox=\"0 0 512 512\"><!--! Font Awesome Free 6.4.2 by @fontawesome - https:\/\/fontawesome.com License - https:\/\/fontawesome.com\/license (Commercial License) Copyright 2023 Fonticons, Inc. --><style>svg{fill:#ffffff}<\/style><path d=\"M389.2 48h70.6L305.6 224.2 487 464H345L233.7 318.6 106.5 464H35.8L200.7 275.5 26.8 48H172.4L272.9 180.9 389.2 48zM364.4 421.8h39.1L151.1 88h-42L364.4 421.8z\"\/><\/svg><\/span><span class=\"shariff-text\">twittern<\/span>&nbsp;<\/a><\/li><li class=\"shariff-button facebook shariff-nocustomcolor\" style=\"background-color:#4273c8\"><a href=\"https:\/\/www.facebook.com\/sharer\/sharer.php?u=https%3A%2F%2Figmdt.de%2F\" title=\"Bei Facebook teilen\" aria-label=\"Bei Facebook teilen\" role=\"button\" rel=\"noreferrernoopener nofollow\" class=\"shariff-link\" style=\"; background-color:#3b5998; color:#fff\" target=\"_blank\"><span class=\"shariff-icon\" style=\"\"><svg width=\"32px\" height=\"20px\" xmlns=\"http:\/\/www.w3.org\/2000\/svg\" viewBox=\"0 0 18 32\"><path fill=\"#3b5998\" d=\"M17.1 0.2v4.7h-2.8q-1.5 0-2.1 0.6t-0.5 1.9v3.4h5.2l-0.7 5.3h-4.5v13.6h-5.5v-13.6h-4.5v-5.3h4.5v-3.9q0-3.3 1.9-5.2t5-1.8q2.6 0 4.1 0.2z\"\/><\/svg><\/span><span class=\"shariff-text\">teilen<\/span>&nbsp;<\/a><\/li><li class=\"shariff-button whatsapp shariff-nocustomcolor\" style=\"background-color:#5cbe4a\"><a href=\"https:\/\/api.whatsapp.com\/send?text=https%3A%2F%2Figmdt.de%2F%20Startseite\" title=\"Bei Whatsapp teilen\" aria-label=\"Bei Whatsapp teilen\" role=\"button\" rel=\"noreferrernoopener nofollow\" class=\"shariff-link\" style=\"; background-color:#34af23; color:#fff\" target=\"_blank\"><span class=\"shariff-icon\" style=\"\"><svg width=\"32px\" height=\"20px\" xmlns=\"http:\/\/www.w3.org\/2000\/svg\" viewBox=\"0 0 32 32\"><path fill=\"#34af23\" d=\"M17.6 17.4q0.2 0 1.7 0.8t1.6 0.9q0 0.1 0 0.3 0 0.6-0.3 1.4-0.3 0.7-1.3 1.2t-1.8 0.5q-1 0-3.4-1.1-1.7-0.8-3-2.1t-2.6-3.3q-1.3-1.9-1.3-3.5v-0.1q0.1-1.6 1.3-2.8 0.4-0.4 0.9-0.4 0.1 0 0.3 0t0.3 0q0.3 0 0.5 0.1t0.3 0.5q0.1 0.4 0.6 1.6t0.4 1.3q0 0.4-0.6 1t-0.6 0.8q0 0.1 0.1 0.3 0.6 1.3 1.8 2.4 1 0.9 2.7 1.8 0.2 0.1 0.4 0.1 0.3 0 1-0.9t0.9-0.9zM14 26.9q2.3 0 4.3-0.9t3.6-2.4 2.4-3.6 0.9-4.3-0.9-4.3-2.4-3.6-3.6-2.4-4.3-0.9-4.3 0.9-3.6 2.4-2.4 3.6-0.9 4.3q0 3.6 2.1 6.6l-1.4 4.2 4.3-1.4q2.8 1.9 6.2 1.9zM14 2.2q2.7 0 5.2 1.1t4.3 2.9 2.9 4.3 1.1 5.2-1.1 5.2-2.9 4.3-4.3 2.9-5.2 1.1q-3.5 0-6.5-1.7l-7.4 2.4 2.4-7.2q-1.9-3.2-1.9-6.9 0-2.7 1.1-5.2t2.9-4.3 4.3-2.9 5.2-1.1z\"\/><\/svg><\/span><span class=\"shariff-text\">teilen<\/span>&nbsp;<\/a><\/li><\/ul><\/div>","protected":false},"excerpt":{"rendered":"<p>Die \u201eInternationale Gesellschaft f\u00fcr medizinische Dorn-Therapie e.V.\u201c ist eine Gruppe von medizinischen Heil- und Fachberuflern (\u00c4rzte, Heilpraktiker, Physiotherapeuten, Ergotherapeuten, med. Masseure, es fehlen noch: Hebammen, Logop\u00e4den), die viele Jahre die Dorn-Therapie in ihren Praxen angewendet haben und als Referenten f\u00fcr die Dorn-Therapie t\u00e4tig waren und sind. Einige haben Fachb\u00fccher und &hellip;<\/p>\n","protected":false},"author":5,"featured_media":140,"parent":0,"menu_order":0,"comment_status":"closed","ping_status":"closed","template":"","meta":{"_cbd_carousel_blocks":"[]","footnotes":""},"class_list":["post-285","page","type-page","status-publish","has-post-thumbnail","hentry"],"aioseo_notices":[],"_links":{"self":[{"href":"https:\/\/igmdt.de\/index.php?rest_route=\/wp\/v2\/pages\/285","targetHints":{"allow":["GET"]}}],"collection":[{"href":"https:\/\/igmdt.de\/index.php?rest_route=\/wp\/v2\/pages"}],"about":[{"href":"https:\/\/igmdt.de\/index.php?rest_route=\/wp\/v2\/types\/page"}],"author":[{"embeddable":true,"href":"https:\/\/igmdt.de\/index.php?rest_route=\/wp\/v2\/users\/5"}],"replies":[{"embeddable":true,"href":"https:\/\/igmdt.de\/index.php?rest_route=%2Fwp%2Fv2%2Fcomments&post=285"}],"version-history":[{"count":3,"href":"https:\/\/igmdt.de\/index.php?rest_route=\/wp\/v2\/pages\/285\/revisions"}],"predecessor-version":[{"id":314,"href":"https:\/\/igmdt.de\/index.php?rest_route=\/wp\/v2\/pages\/285\/revisions\/314"}],"wp:featuredmedia":[{"embeddable":true,"href":"https:\/\/igmdt.de\/index.php?rest_route=\/wp\/v2\/media\/140"}],"wp:attachment":[{"href":"https:\/\/igmdt.de\/index.php?rest_route=%2Fwp%2Fv2%2Fmedia&parent=285"}],"curies":[{"name":"wp","href":"https:\/\/api.w.org\/{rel}","templated":true}]}}