{"id":118,"date":"2016-05-24T10:06:52","date_gmt":"2016-05-24T10:06:52","guid":{"rendered":"http:\/\/igmdt.de\/?page_id=118"},"modified":"2016-05-24T10:13:15","modified_gmt":"2016-05-24T10:13:15","slug":"mitglied-werden","status":"publish","type":"page","link":"https:\/\/igmdt.de\/?page_id=118","title":{"rendered":"Mitglied werden"},"content":{"rendered":"<p><em><strong>Internationale Gesellschaft f\u00fcr medizinische Dorn-Therapie e.V.<\/strong><\/em><\/p>\n<p>1. Vorsitzender: Sven Koch<br \/>\n2. Vorsitzende: Ina Burgath<br \/>\nVorstand: Dr. Markus Hansen<br \/>\nGesch\u00e4ftsf\u00fchrung: Anna Velisek<br \/>\nSchriftf\u00fchrer: Jochen T\u00f6dtmann<\/p>\n<p>Ihre Gr\u00fcnde Mitglied in der IGMDT zu werden:<\/p>\n<ul>\n<li>Sie haben einen fachlichen Austausch mit medizinischen Heil- und Fachberuflern.<\/li>\n<li>Sie nehmen in einem Netzwerk mit gro\u00dfer fachlicher Erfahrung und an der weiteren Entwicklung der Dorn-Methode\/-Therapie zu einem ganzheitlichen Therapiekonzept teil.<\/li>\n<li>Sie k\u00f6nnen zu den regelm\u00e4\u00dfigen Treffen der IGMDT kommen.<\/li>\n<li>Sie erhalten inhaltliche Unterst\u00fctzung in der Darstellung\/Werbung f\u00fcr die Dorn-Therapie\/-Methode bei Patienten und Kollegen, auch f\u00fcr verschreibende \u00c4rzte und Heilpraktiker.<\/li>\n<li>Sie k\u00f6nnen mit der Mitgliedschaft nach Au\u00dfen auftreten und werden von der IGMDT ver\u00f6ffentlicht.<\/li>\n<li>Sie unterst\u00fctzen das Ziel, die Dorn-Methode\/-Therapie auf Grundlage von Anatomie, Physiologie und Neurologie mit Studien und Fallberichten zu erforschen.<\/li>\n<li>Sie unterst\u00fctzen die Standards der Dorn-Methode\/-Therapie und das Curriculum f\u00fcr fachlich Ausbildungen, die von der IGMDT auf Grundlage von Anatomie, Neurologie und Physiologie erstellt worden sind.<\/li>\n<li>Als interessierter Laie unterst\u00fctzen Sie die Ziele der IGMDT, soda\u00df die Dorn-Methode\/-Therapie eine anerkannte komplement\u00e4rmedizinische Therapie werden kann.<\/li>\n<\/ul>\n<p>Der j\u00e4hrliche Mitgliedsbeitrag betr\u00e4gt f\u00fcr F\u00f6rdernde Mitglieder 30,-\u20ac \/ Ordentliche Mitglieder 100,-\u20ac.<\/p>\n<p>Hier steht die Liste der Mitglieder, die ver\u00f6ffentlicht werden m\u00f6chten.<\/p>\n<p>Bitte benutzen Sie das <a title=\"Kontakt\" href=\"https:\/\/igmdt.de\/?page_id=20\">Kontaktformular<\/a> um sich anzumelden.<\/p>\n","protected":false},"excerpt":{"rendered":"<p>Internationale Gesellschaft f\u00fcr medizinische Dorn-Therapie e.V. 1. Vorsitzender: Sven Koch 2. Vorsitzende: Ina Burgath Vorstand: Dr. Markus Hansen Gesch\u00e4ftsf\u00fchrung: Anna Velisek Schriftf\u00fchrer: Jochen T\u00f6dtmann Ihre Gr\u00fcnde Mitglied in der IGMDT zu werden: Sie haben einen fachlichen Austausch mit medizinischen Heil- und Fachberuflern. Sie nehmen in einem Netzwerk mit gro\u00dfer fachlicher &hellip;<\/p>\n","protected":false},"author":5,"featured_media":0,"parent":39,"menu_order":0,"comment_status":"closed","ping_status":"closed","template":"","meta":{"_cbd_carousel_blocks":"[]","footnotes":""},"class_list":["post-118","page","type-page","status-publish","hentry"],"aioseo_notices":[],"_links":{"self":[{"href":"https:\/\/igmdt.de\/index.php?rest_route=\/wp\/v2\/pages\/118","targetHints":{"allow":["GET"]}}],"collection":[{"href":"https:\/\/igmdt.de\/index.php?rest_route=\/wp\/v2\/pages"}],"about":[{"href":"https:\/\/igmdt.de\/index.php?rest_route=\/wp\/v2\/types\/page"}],"author":[{"embeddable":true,"href":"https:\/\/igmdt.de\/index.php?rest_route=\/wp\/v2\/users\/5"}],"replies":[{"embeddable":true,"href":"https:\/\/igmdt.de\/index.php?rest_route=%2Fwp%2Fv2%2Fcomments&post=118"}],"version-history":[{"count":2,"href":"https:\/\/igmdt.de\/index.php?rest_route=\/wp\/v2\/pages\/118\/revisions"}],"predecessor-version":[{"id":122,"href":"https:\/\/igmdt.de\/index.php?rest_route=\/wp\/v2\/pages\/118\/revisions\/122"}],"up":[{"embeddable":true,"href":"https:\/\/igmdt.de\/index.php?rest_route=\/wp\/v2\/pages\/39"}],"wp:attachment":[{"href":"https:\/\/igmdt.de\/index.php?rest_route=%2Fwp%2Fv2%2Fmedia&parent=118"}],"curies":[{"name":"wp","href":"https:\/\/api.w.org\/{rel}","templated":true}]}}