{"id":114,"date":"2016-05-24T08:00:36","date_gmt":"2016-05-24T08:00:36","guid":{"rendered":"http:\/\/igmdt.de\/?page_id=114"},"modified":"2024-11-25T11:10:31","modified_gmt":"2024-11-25T11:10:31","slug":"behandlungsablauf","status":"publish","type":"page","link":"https:\/\/igmdt.de\/?page_id=114","title":{"rendered":"Behandlungsablauf"},"content":{"rendered":"<h1><span style=\"color: #808080;\"><strong>Behandlungsablauf der Dorn-Therapie<\/strong><\/span><\/h1>\n<p>Mit der Dorn-Therapie werden in der Regel zwei bis f\u00fcnf Behandlungen ben\u00f6tigt und bei jeder Sitzung erh\u00e4lt der Patient Eigen\u00fcbungen im Sinne der Selbsthilfe. Die meisten Dorn-Therapeuten nehmen sich f\u00fcr den Patienten 20 Minuten bis eine Stunde Zeit. Die Dorn-Therapie ist KEINE Chiropraktik! Der Therapeut arbeitet mit sanften Handgriffen an der Wirbels\u00e4ule und Gelenken w\u00e4hrend der Patient durch eigene Bewegungen diese unterst\u00fctzt.<\/p>\n<p>Ablauf einer Behandlung:<\/p>\n<p><a href=\"https:\/\/igmdt.de\/wp-content\/uploads\/2016\/05\/Dorn1.jpg\" target=\"_blank\" rel=\"noopener noreferrer\"><img loading=\"lazy\" decoding=\"async\" class=\"alignright wp-image-126\" src=\"https:\/\/igmdt.de\/wp-content\/uploads\/2016\/05\/Dorn1-241x300.jpg\" alt=\"Dorn1\" width=\"162\" height=\"202\" srcset=\"https:\/\/igmdt.de\/wp-content\/uploads\/2016\/05\/Dorn1-241x300.jpg 241w, https:\/\/igmdt.de\/wp-content\/uploads\/2016\/05\/Dorn1-120x150.jpg 120w, https:\/\/igmdt.de\/wp-content\/uploads\/2016\/05\/Dorn1.jpg 567w\" sizes=\"auto, (max-width: 162px) 100vw, 162px\" \/><\/a>Zuerst befragt der Therapeut den Patient genau nach seinen Beschwerden seit wann, wo und wie sie aufgetreten sind. Kontraindikation\/Gegenanzeigen kl\u00e4rt er ab.<\/p>\n<p>Bei jeder Behandlung wird die Beinl\u00e4nge \u00fcberpr\u00fcft, da ausgeglichene Beinl\u00e4ngen wichtig f\u00fcr die mittel- und langfristige Stabilit\u00e4t und Belastungsf\u00e4higkeit der Wirbels\u00e4ule sind. Steht das Becken als Basis waagerecht kann die Wirbels\u00e4ule meist gerade aufgerichtet sein und hat eine stabilere Statik zur Folge. An mindestens einem Bein werden das H\u00fcft-, Knie- und Sprunggelenk behandelt.<\/p>\n<p>Danach wird mit dem Abtasten und Behandeln der Wirbels\u00e4ule vom Kreuz- und Stei\u00dfbein, ISG\/SIG, Lendenwirbels\u00e4ule und unteren Brustwirbels\u00e4ule im Stehen begonnen. Bei der Behandlung pendelt der Patient mit einem Bein.<\/p>\n<p><a href=\"https:\/\/igmdt.de\/wp-content\/uploads\/2016\/05\/2016-05-22-14.19.45.jpg\" target=\"_blank\" rel=\"noopener noreferrer\"><img loading=\"lazy\" decoding=\"async\" class=\"alignleft wp-image-142\" src=\"https:\/\/igmdt.de\/wp-content\/uploads\/2016\/05\/2016-05-22-14.19.45-150x150.jpg\" alt=\"2016-05-22 14.19.45\" width=\"114\" height=\"114\" \/><\/a> <a href=\"https:\/\/igmdt.de\/wp-content\/uploads\/2016\/05\/2016-05-22-14.20.04.jpg\" target=\"_blank\" rel=\"noopener noreferrer\"><img loading=\"lazy\" decoding=\"async\" class=\"alignleft wp-image-141\" src=\"https:\/\/igmdt.de\/wp-content\/uploads\/2016\/05\/2016-05-22-14.20.04-150x150.jpg\" alt=\"2016-05-22 14.20.04\" width=\"114\" height=\"114\" \/><\/a>Nun setzt sich der Patient w\u00e4hrend der Therapeut die mittlere und obere Brustwirbels\u00e4ule ertastet und behandelt. Bei der Behandlung pendelt der Patient mit einem oder zwei Armen.<\/p>\n<p>Die Halswirbels\u00e4ule wird ebenfalls im Sitzen behandelt. Bei der Behandlung dreht der Patient seinen Kopf fortlaufend nach rechts und links.<\/p>\n<p>Nach der Behandlung der Wirbels\u00e4ule k\u00f6nnen je nach Beschwerdebild noch dysfunktionelle\/blockierte Gelenke an Armen, Finger, Zehen, Kiefergelenk oder Rippen behandelt werden.<\/p>\n<p>Die Behandlungsreihenfolge kann vom Therapeuten variiert werden.<\/p>\n","protected":false},"excerpt":{"rendered":"<p>Behandlungsablauf der Dorn-Therapie Mit der Dorn-Therapie werden in der Regel zwei bis f\u00fcnf Behandlungen ben\u00f6tigt und bei jeder Sitzung erh\u00e4lt der Patient Eigen\u00fcbungen im Sinne der Selbsthilfe. Die meisten Dorn-Therapeuten nehmen sich f\u00fcr den Patienten 20 Minuten bis eine Stunde Zeit. Die Dorn-Therapie ist KEINE Chiropraktik! Der Therapeut arbeitet mit &hellip;<\/p>\n","protected":false},"author":5,"featured_media":141,"parent":31,"menu_order":0,"comment_status":"closed","ping_status":"closed","template":"","meta":{"_cbd_carousel_blocks":"[]","footnotes":""},"class_list":["post-114","page","type-page","status-publish","has-post-thumbnail","hentry"],"aioseo_notices":[],"_links":{"self":[{"href":"https:\/\/igmdt.de\/index.php?rest_route=\/wp\/v2\/pages\/114","targetHints":{"allow":["GET"]}}],"collection":[{"href":"https:\/\/igmdt.de\/index.php?rest_route=\/wp\/v2\/pages"}],"about":[{"href":"https:\/\/igmdt.de\/index.php?rest_route=\/wp\/v2\/types\/page"}],"author":[{"embeddable":true,"href":"https:\/\/igmdt.de\/index.php?rest_route=\/wp\/v2\/users\/5"}],"replies":[{"embeddable":true,"href":"https:\/\/igmdt.de\/index.php?rest_route=%2Fwp%2Fv2%2Fcomments&post=114"}],"version-history":[{"count":14,"href":"https:\/\/igmdt.de\/index.php?rest_route=\/wp\/v2\/pages\/114\/revisions"}],"predecessor-version":[{"id":465,"href":"https:\/\/igmdt.de\/index.php?rest_route=\/wp\/v2\/pages\/114\/revisions\/465"}],"up":[{"embeddable":true,"href":"https:\/\/igmdt.de\/index.php?rest_route=\/wp\/v2\/pages\/31"}],"wp:featuredmedia":[{"embeddable":true,"href":"https:\/\/igmdt.de\/index.php?rest_route=\/wp\/v2\/media\/141"}],"wp:attachment":[{"href":"https:\/\/igmdt.de\/index.php?rest_route=%2Fwp%2Fv2%2Fmedia&parent=114"}],"curies":[{"name":"wp","href":"https:\/\/api.w.org\/{rel}","templated":true}]}}